{"id":207,"date":"2007-08-05T00:51:37","date_gmt":"2007-08-04T22:51:37","guid":{"rendered":"http:\/\/sjefvandepoelwandelweb.nl\/cgi-bin\/weblog_basic\/index.php?page_id=207"},"modified":"2018-02-15T08:25:41","modified_gmt":"2018-02-15T08:25:41","slug":"hautes-fagnes","status":"publish","type":"page","link":"http:\/\/sjefvandepoelwandelweb.nl\/?page_id=207","title":{"rendered":"Hautes Fagnes (1)"},"content":{"rendered":"<p>De Hautes Fagnes in de Belgische Ardennen (op zijn Nederlands: Hoge Venen, op zijn Duits Hohes Venn) vormen ongetwijfeld het dichtst bij ons land liggende omvangrijke oerlandschap in noordwest Europa. Het gaat om een gebied van vele honderden vierkante kilometers ongerepte natuur, bestaande uit door beekdalletjes doorsneden stille wouden met daarin uitgestrekte moerassen. Deze vierdaagse voettocht voert via een zelf ontworpen route door de Hautes Fagnes. Dat betekent een kleine 80 kilometer wandelen door een vrijwel verlaten gebied, waarbij w\u00e9l het zeer toeristische Duitse stadje Monschau wordt aangedaan.<\/p>\n<p><img loading=\"lazy\" decoding=\"async\" class=\"size-full wp-image-1266 aligncenter\" src=\"http:\/\/sjefvandepoelwandelweb.nl\/wp-content\/uploads\/2018\/02\/fagnes.jpg\" alt=\"\" width=\"398\" height=\"299\" srcset=\"http:\/\/sjefvandepoelwandelweb.nl\/wp-content\/uploads\/2018\/02\/fagnes.jpg 398w, http:\/\/sjefvandepoelwandelweb.nl\/wp-content\/uploads\/2018\/02\/fagnes-300x225.jpg 300w\" sizes=\"(max-width: 398px) 100vw, 398px\" \/><\/p>\n<p align=\"center\"><i>&#8211; Bij de Baraque Michel vind je het uitgestrekte Fagne Wallone &#8211;<\/i><\/p>\n<p>De GR 56 (Oostkantons) en de GR 573 (Vesdre-Hoegne-Helle) doorkruisen de Hautes Fagnes, maar blijven in hoofdzaak buiten de moerassen. Nu wil het geval dat d\u00f3\u00f3r die moerassen een groot aantal \u2018vlonderpaden\u2019 of \u2018knuppelpaden\u2019 is aangelegd. Ooit konden flink wat fraaie kilometers over dergelijke houten paden worden afgelegd. Echter, in 1992 heeft de Waalse overheid &#8211; vanwege de toevloed aan toeristen &#8211; beperkende maatregelen gesteld aan de toegankelijkheid van de moerassen in de Hautes Fagnes. Er zijn nu \u2018B-zones\u2019, waar je slechts op bewegwijzerde paden mag lopen en \u2018C-zones\u2019, waar je alleen begeleid door een gids welkom bent. Er zijn ook nog &#8221;D-zones&#8221;, maar daarin mag je helemaal niet komen. Het blijft gelukkig w\u00e9l mogelijk aan de rand van de moerassen te komen en daar van het indrukwekkende uitzicht te genieten. Soms kun je zelfs nog behoorlijke stukken door de moerassen heenlopen over knuppelpaden en grasbanen. Onze route van destijds is nu nog bijna helemaal vrij toegankelijk.<\/p>\n<p align=\"center\"><img loading=\"lazy\" decoding=\"async\" class=\"alignnone size-full wp-image-1269\" src=\"http:\/\/sjefvandepoelwandelweb.nl\/wp-content\/uploads\/2018\/02\/hvc-zone.jpg\" alt=\"\" width=\"124\" height=\"258\" \/><\/p>\n<p>Een ander vermeldenswaardig en begrijpelijk gegeven is dat vrij kamperen in de Hautes Fagnes streng verboden is. Helaas zijn er ook geen legale kampeerterreintjes in dit gebied, waardoor je als het ware \u2018gedwongen\u2019 bent illegaal te kamperen (hetgeen wij tweemaal deden). De vraag dringt zich op waarom in dit gebied niet op een beperkt aantal plekken \u2018natuurkampeerterreintjes\u2019 &#8211; uitsluitend voor rugzakkampeerders &#8211; is aangelegd, zoals in Nederland te doen gebruikelijk. Wil je per se legaal slapen, dan zit er niet veel anders op dan op de Baraque Michel een kamer te huren in het gelijknamige hotel of in het verderop gelegen hotel Mont Rigi. De eerste nacht zou je dan kunnen gaan kamperen op Duits grondgebied, nabij het dorpje Roetgen, vlak over de Belgisch-Duitse grens. Daar is vast wel een gastvrije boer te vinden. In de dorpskom is een camping.<br \/>\nNeem, als je in dit gebied op pad gaat, gedetailleerde stafkaarten mee ! Uiteraard moet je er ook mee om kunnen gaan. Een recente uitgave is de fraaie Belgische wandelkaart van de Hoge Venen in de schaal 1:25.000 (Nationaal Geografisch Instituut), ook in Nederland te koop. De genoemde zones zijn er op ingetekend, evenals tal van lokale (rond)wandelingen. Zo goed als de gehele route is op deze kaart terug te vinden. Enig gevoel voor ori\u00ebntatie komt in deze streken trouwens goed van pas. Je zou niet de eerste zijn die hier hopeloos verdwaalt. Verder is regenkleding onontbeerlijk, want het klimaat in de Hautes Fagnes is zeker \u2018ruig\u2019 te noemen. Neem tenslotte ook extra drinkwater mee; er is namelijk weinig gelegenheid om onderweg drinkwater uit de waterleiding in te slaan. Om te koken kun je mogelijk ook gebruik maken van water uit de natuur. Dat lijkt op zich safe te zijn, maar extra ontsmetting kan natuurlijk geen kwaad.<\/p>\n<p><strong>Dag 1: Van Eupen naar Kutenhart Venn (15km)<\/strong><\/p>\n<p>Nabij de brug over het riviertje de Vesdre \u2013 hier in het Duits \u2018Weser\u2019 geheten \u2013 verlaat je het gezellige stadje Eupen, gelegen aan de rand van het immense Hertogenwald en \u2018hoofdstad\u2019 van Duitstalig Belgi\u00eb. De eerste etappe voert over grotendeels onverharde paadjes langs de rechteroever (!) van het riviertje de Weser (route van de GR Ardennen-Eifel, afgekort GR-AE). Iets buiten Eupen is in de Weser een enorme, 63 meter hoge, stuwdam gebouwd \u2013 de Wesertalsperre \u2013, waarachter zich het grootste stuwmeer van Belgi\u00eb bevindt. Het caf\u00e9 bij de stuwdam is tot morgenmiddag het laatste caf\u00e9 op de route.<br \/>\nNa het oponthoud bij de stuwdam volg je een pad dat het stuwmeer langs de noordzijde volgt (lokale wandeling \u2018Rund um den See\u2019). Onmiddellijk wordt de omgeving rustig en kun je genieten van de door dichte wouden omzoomde Stausee Eupen. Het doel is de plek waar het riviertje de Weser het stuwmeer instroomt.<\/p>\n<p><img loading=\"lazy\" decoding=\"async\" class=\"size-full wp-image-1270 aligncenter\" src=\"http:\/\/sjefvandepoelwandelweb.nl\/wp-content\/uploads\/2018\/02\/hautefagnes2-11.jpg\" alt=\"\" width=\"311\" height=\"203\" srcset=\"http:\/\/sjefvandepoelwandelweb.nl\/wp-content\/uploads\/2018\/02\/hautefagnes2-11.jpg 311w, http:\/\/sjefvandepoelwandelweb.nl\/wp-content\/uploads\/2018\/02\/hautefagnes2-11-300x196.jpg 300w\" sizes=\"(max-width: 311px) 100vw, 311px\" \/><\/p>\n<p align=\"center\"><i>&#8211; Stuwdam in de Weser (Vesdre) &#8211;<\/i><\/p>\n<p>Na de plek \u2018Mospert\u2019 \u2013 met informatiebord \u2013 te hebben gepasseerd, kun je rechtsaf het gelijknamige wandelpad richting het meer gaan volgen, tot je uitkomt bij een Schutzh\u00fctte, eveneens met informatiebord. Je bent hier bij de Bellesforter Br\u00fccke, een op de stafkaart gemakkelijk terug te zoeken ori\u00ebntatiepunt.<br \/>\nIn deze buurt krijgen we tot tweemaal toe te maken met in landrovers rondrijdende boswachters, die ons er vriendelijk doch beslist op attent maken, dat kamperen in de Hautes Fagnes verboden is. Na aangegeven te hebben dat we toch echt in het wild gaan kamperen (de bewoonde wereld is te ver weg) en dat wij \u2018fatsoenlijke\u2019, natuurminnende, kampeerders zijn, laten zij ons verder met rust.<br \/>\nBij de Bellesforter Br\u00fccke verlaat je het dal van de Weser en loop je oostwaarts over een kronkelend geasfalteerd bosweggetje tot je het beekje de Eschbach kruist. Onmiddellijk n\u00e1 het beekje &#8211; in de buurt van de schuilhut Waldmannsruh &#8211; sla je rechtsaf een bospaadje in, dat leidt in de richting van het eerste grote moeras op deze voettocht, het Kutenhart Venn. Dit is ook het parcours van een \u2018lokale wandeling\u2019. Na ongeveer een kilometer vind je in het bos genoeg vierkante meters om in volstrekte eenzaamheid je kamp op te slaan. Vanaf de hut Waldmannsruh is het nog enige kilometers extra lopen naar het Duitse dorpje Roetgen voor een legale kampeerplek bij de boer of op de camping.<\/p>\n<p><img loading=\"lazy\" decoding=\"async\" class=\"size-full wp-image-1271 aligncenter\" src=\"http:\/\/sjefvandepoelwandelweb.nl\/wp-content\/uploads\/2018\/02\/hautefagnes2-21.jpg\" alt=\"\" width=\"450\" height=\"201\" srcset=\"http:\/\/sjefvandepoelwandelweb.nl\/wp-content\/uploads\/2018\/02\/hautefagnes2-21.jpg 450w, http:\/\/sjefvandepoelwandelweb.nl\/wp-content\/uploads\/2018\/02\/hautefagnes2-21-300x134.jpg 300w\" sizes=\"(max-width: 450px) 100vw, 450px\" \/><\/p>\n<p align=\"center\"><i>&#8211; Kutenhart moeras &#8211;<\/i><\/p>\n<p><strong>Dag 2: Van Kutenhart Venn naar Kalterherberg (20km)<\/strong><\/p>\n<p>De tweede dag bevind je je al snel aan de rand van het Kutenhart moeras. Hier volg je de lokale wandeling naar links, op de rand van bos en moeras. Over een grasbaan lopend kun je genieten van wijdse uitzichten over het grassige moeras met daarin hier en daar een verloren boom of boomgroep. Bij een tweede \u2018knik\u2019 in het pad begint een knuppelpad, dat in zuidwaartse richting dwars door het moeras loopt; dit pad behoort volgens de kaart tot de toegankelijke zone B, en maakt eveneens deel uit van een lokale wandeling !<\/p>\n<p align=\"center\"><img loading=\"lazy\" decoding=\"async\" class=\"alignnone size-full wp-image-1272\" src=\"http:\/\/sjefvandepoelwandelweb.nl\/wp-content\/uploads\/2018\/02\/hautefagnes2-31.jpg\" alt=\"\" width=\"439\" height=\"648\" srcset=\"http:\/\/sjefvandepoelwandelweb.nl\/wp-content\/uploads\/2018\/02\/hautefagnes2-31.jpg 439w, http:\/\/sjefvandepoelwandelweb.nl\/wp-content\/uploads\/2018\/02\/hautefagnes2-31-203x300.jpg 203w\" sizes=\"(max-width: 439px) 100vw, 439px\" \/><\/p>\n<p align=\"center\"><i>&#8211; Knuppelpad door het Kutenhart moeras &#8211;<\/i><\/p>\n<p>Aan de overkant steek je bij het Jansenkreuz het beekje de Getz over en kun je verder zuidoostwaarts wandelen langs de rand van het tot zone D behorende, dus niet toegankelijke, zeer uitgestrekte Allgemeines Venn.<br \/>\nOp een bepaald moment verdwijnt dit pad in het bos, maar na een paar honderd meter sta je opeens voor het volgende grote moeras: het Brackvenn. Ook hier weer die fraaie, voor de Hautes Fagnes zo kenmerkende vergezichten. Linksaf gaand volg je een pad op de rand van bos en moeras in oostelijke richting \u2013 je bent hier weer op de GR Ardennen-Eifel \u2013 tot je, na een klein stukje door het bos, bij de grens tussen Belgi\u00eb en Duitsland arriveert. Je gaat met de GR-AE mee naar links en passeert een merkwaardige steen, die de naam Kaiser Karls Bettstatt heeft gekregen.<br \/>\nHet imposante natuurgebied van de Hautes Fagnes houdt hier tamelijk abrupt op en je bevindt je &#8211; op Duits grondgebied &#8211; in een vriendelijk landschap van glooiende weiden met boerenhofsteden. In de buurt ligt het hooggelegen dorpje M\u00fctzenich. Niets wijst er nog op, dat je je inmiddels in de nabijheid van een zeer toeristisch stadje bevindt. Dat wordt wel anders, wanneer je over de GR Ardennen-Eifel afdaalt in de dalen van de riviertjes de Rur en de Laufenbach. Spoedig arriveer je dan in het veelal druk door toeristen bezochte stadje Monschau. Een grotere schok na al die stilte van de afgelopen dagen is haast niet denkbaar !<\/p>\n<p><img loading=\"lazy\" decoding=\"async\" class=\"size-full wp-image-1273 aligncenter\" src=\"http:\/\/sjefvandepoelwandelweb.nl\/wp-content\/uploads\/2018\/02\/DSC01927.jpg\" alt=\"\" width=\"400\" height=\"300\" srcset=\"http:\/\/sjefvandepoelwandelweb.nl\/wp-content\/uploads\/2018\/02\/DSC01927.jpg 400w, http:\/\/sjefvandepoelwandelweb.nl\/wp-content\/uploads\/2018\/02\/DSC01927-300x225.jpg 300w\" sizes=\"(max-width: 400px) 100vw, 400px\" \/><\/p>\n<p align=\"center\"><i>&#8211; Monschau &#8211;<\/i><\/p>\n<p>Monschau heeft desondanks natuurlijk wel het een en ander te bieden. De vele vakwerkhuizen, de smalle straatjes met de vele winkeltjes en restaurantjes en de prachtige ligging van het stadje in het hier zeer nauwe rivierdal maken het (tijdelijke) verblijf hier zeker niet onaangenaam. Desgewenst kun je hier uitgebreid foerageren of een warme maaltijd gebruiken op \u00e9\u00e9n van de vele terrassen.<\/p>\n<p>Als je de nacht weer in rustiger oorden wilt doorbrengen kun je een vroege avondwandeling maken naar het hooggelegen dorpje Kalterherberg, niet ver van de grens met Belgi\u00eb. Je verlaat Monschau in zuidelijke richting over de autoweg naar Schleiden en Kalterherberg. Op de driesprong, waar een zijweg het Rurdal ingaat naar het voormalige Kloster Reichenstein, volg je aan je rechterhand een steil klimmend bospad, dat je op de hoogvlakte brengt. Na enige tijd gaat &#8211; op de hoogvlakte &#8211; het onverharde pad over in een verharde weg, die je snel naar de dorpskom van Kalterherberg voert. Ter plaatse zul je een boer bereid moeten vinden om je voor \u00e9\u00e9n nacht een kampplek te bieden. Kalterherberg beschikt over horecafaciliteiten voor een genoeglijke avond.<\/p>\n<p align=\"center\"><img loading=\"lazy\" decoding=\"async\" class=\"alignnone size-full wp-image-1274\" src=\"http:\/\/sjefvandepoelwandelweb.nl\/wp-content\/uploads\/2018\/02\/hautefagnes2-51.jpg\" alt=\"\" width=\"421\" height=\"517\" srcset=\"http:\/\/sjefvandepoelwandelweb.nl\/wp-content\/uploads\/2018\/02\/hautefagnes2-51.jpg 421w, http:\/\/sjefvandepoelwandelweb.nl\/wp-content\/uploads\/2018\/02\/hautefagnes2-51-244x300.jpg 244w\" sizes=\"(max-width: 421px) 100vw, 421px\" \/><\/p>\n<p align=\"center\"><i>&#8211; Kamp bij een boer te Kalterherberg &#8211;<\/i><\/p>\n<p><strong>Dag 3: Van Kalterherberg naar Baraque Michel (27km)<\/strong><\/p>\n<p>&nbsp;<\/p>\n<p>Vandaag staat weer een grote oversteek door de Hautes Fagnes op het programma. Eerste richtpunt is het voormalige Kloster Reichenstein in het Rurdal. Vanuit Kalterherberg kun je er over een verharde autoweg naar toe wandelen. Leuker is een pad over de velden. Eenmaal beneden in het rivierdal aangekomen, is het niet ver meer lopen naar Reichenstein, pal op de grens van Belgi\u00eb en Duitsland. Eventueel kun je de voormalige kloosterkerk en andere gebouwen met een bezoek vereren.<br \/>\nJe gaat de brug over de Rur over, alsmede een spoorwegtrac\u00e9 (Vennbahn) en volgt de bordjes naar het tweede richtpunt van vandaag: \u2018Kreuz im Venn\u2019. Dit is een soort Lourdesgrot in de rotsen, gebouwd door de dankbare parochianen van Kalterherberg voor de plaatselijke pastoor. Bovenop de rotsen staat een gigantisch ijzeren kruis. Je hebt hier al weer mooie uitzichten op het woeste land, waar je straks doorheen zult trekken. Je volgt vanaf hier de GR 56 (Rondweg Oostkantons).<\/p>\n<p><img loading=\"lazy\" decoding=\"async\" class=\"size-full wp-image-1275 aligncenter\" src=\"http:\/\/sjefvandepoelwandelweb.nl\/wp-content\/uploads\/2018\/02\/kreuz_im_venn_1.jpg\" alt=\"\" width=\"425\" height=\"319\" srcset=\"http:\/\/sjefvandepoelwandelweb.nl\/wp-content\/uploads\/2018\/02\/kreuz_im_venn_1.jpg 425w, http:\/\/sjefvandepoelwandelweb.nl\/wp-content\/uploads\/2018\/02\/kreuz_im_venn_1-300x225.jpg 300w\" sizes=\"(max-width: 425px) 100vw, 425px\" \/><\/p>\n<p align=\"center\"><i>&#8211; Kreuz im Venn &#8211;<\/i><\/p>\n<p>Op weg naar het voorlopige \u2018einddoel\u2019 van vandaag &#8211; de Baraque Michel op de weg Eupen-Malm\u00e9dy &#8211; passeer je twee omvangrijke veenmoerassen, achtereenvolgens \u2018Cl\u00e9fay\u2019 en het \u2018Fagne Wallone\u2019. Cl\u00e9fay is inmiddels verboden gebied (zone C), en is daarom uit onze route geschrapt. Het vinden van een nieuwe &#8221;omleidingsroute&#8221; is niet zo moeilijk als je vanaf de Duits-Belgische grens gewoon op de GR 56 blijft. Met een gedetailleerde stafkaart en de wandelgids van dit sentier in de hand mag dat geen probleem zijn. De route voert, deels over verharde bosweggetjes en deels over onverharde bospaden, door eindeloze wouden, waar je &#8211; als je geluk hebt &#8211; nog wild kunt zien, en langs uitgestrekte moerassen. Uiteindelijk brengt de GR 56 je bij de Baraque Michel. Onderweg passeer je het hoogste punt van Belgi\u00eb, het \u2018Signal de Botrange\u2019 (694m). Niet ver hier vandaan is een studie- en documentatiecentrum over de Hautes Fagnes.<br \/>\nAls je toch dwars door de moerassen naar Baraque Michel wilt trekken, bestaat daartoe \u2013 dit is naderhand door een van onze wandelaars gecheckt \u2013 een mogelijkheid in de buurt van de Schutzh\u00fctte Kaltenborn (Calbour) nabij het uitgestrekte Fagne Wallone. Deze hut ligt aan de GR 56 en is op de stafkaart gemakkelijk terug te vinden. Vanaf dat punt kun je de GR 56 verlaten en noordwaarts langs het Fagne Wallone gaan over het parcours van de GR 573 (Vesdre-Hoegne-Helle). Bij het riviertje de Helle aangekomen loopt op de stafkaart naar links een voetpad tussen B- en C-gebied door richting de Baraque Michel. Je doorkruist hier over een behoorlijke afstand de moerassen in dit gebied. Een spectaculaire belevenis voor de natuurminnende rugzakwandelaar !<\/p>\n<p><img loading=\"lazy\" decoding=\"async\" class=\"size-full wp-image-1276 aligncenter\" src=\"http:\/\/sjefvandepoelwandelweb.nl\/wp-content\/uploads\/2018\/02\/beole.jpg\" alt=\"\" width=\"450\" height=\"338\" srcset=\"http:\/\/sjefvandepoelwandelweb.nl\/wp-content\/uploads\/2018\/02\/beole.jpg 450w, http:\/\/sjefvandepoelwandelweb.nl\/wp-content\/uploads\/2018\/02\/beole-300x225.jpg 300w\" sizes=\"(max-width: 450px) 100vw, 450px\" \/><\/p>\n<p align=\"center\"><i>&#8211; Uitzicht op het Fagne Wallone nabij de schuilhut Kaltenborn &#8211;<\/i><\/p>\n<p>Consumpties, waar je inmiddels wel aan toe zult zijn, kun je genieten in het hotel Mont Rigi of &#8211; beter nog &#8211; in de oude herberg op de Baraque Michel. De meeste toeristen die de Fagnes (per auto) bezoeken doen dat vanuit de Baraque Michel, dus je zult het caf\u00e9 moeten delen met vele anderen. Het verhaal gaat dat de herberg wordt gedreven door nazaten van Michel, die ooit een rijke verdwaalde wandelaar het leven redde en daarvoor werd beloond, zodat hij zijn eenvoudige hutje kon ombouwen tot een mooie herberg. Naast de herberg valt de Fischbachkapel op.<br \/>\nAangezien de knuppelpaden en andere paadjes door het Grande Fagne verboden gebied zijn geworden (zone C), zul je om het moeras heen moeten lopen. Daarvoor zul je helaas enige kilometers de berm van de autoweg naar Eupen moeten volgen.<\/p>\n<p align=\"center\"><img loading=\"lazy\" decoding=\"async\" class=\"alignnone size-full wp-image-1277\" src=\"http:\/\/sjefvandepoelwandelweb.nl\/wp-content\/uploads\/2018\/02\/hautefagnes2-61.jpg\" alt=\"\" width=\"414\" height=\"607\" srcset=\"http:\/\/sjefvandepoelwandelweb.nl\/wp-content\/uploads\/2018\/02\/hautefagnes2-61.jpg 414w, http:\/\/sjefvandepoelwandelweb.nl\/wp-content\/uploads\/2018\/02\/hautefagnes2-61-205x300.jpg 205w\" sizes=\"(max-width: 414px) 100vw, 414px\" \/><\/p>\n<p align=\"center\"><i>&#8211; Wandelen door het Grande Fagne is nu illegaal &#8211;<\/i><\/p>\n<p>Nadat je een driesprong van autowegen &#8211; de kruising met de weg naar Verviers \u2013 bent gepasseerd, kom je na ruim 1500 meter uit bij de eerste van twee vlakbij elkaar liggende parkeerplaatsen, beiden aan de routes van uitgezette wandelpaden. Hier kun je naar rechts opnieuw de natuur in, richting \u2018Pont de Gen\u00eatre\u2019 bij het beekje Foss\u00e9 d\u2019Eupen (Eupener Graben). Iets ten zuiden van deze plek vonden wij ooit \u2013 in de buurt van een houten onderkomen voor boswerkers \u2013 een illegale kampplek \u2018uit zicht\u2019, midden in het bos, een paar honderd meter ten noordoosten van de boswerkerskeet. \u2019s Nachts werden we alleen \u2018gestoord\u2019 door het ruisen van de wind door de boomtoppen en door het felle licht van de volle maan op een naburige boom, welk licht we &#8211; inmiddels enigszins parano\u00efde geworden &#8211; aanvankelijk voor de koplamp van de auto van een controlerende boswachter hielden.<\/p>\n<p><img loading=\"lazy\" decoding=\"async\" class=\"size-full wp-image-1278 aligncenter\" src=\"http:\/\/sjefvandepoelwandelweb.nl\/wp-content\/uploads\/2018\/02\/hohesven_1050069923.jpg\" alt=\"\" width=\"420\" height=\"336\" srcset=\"http:\/\/sjefvandepoelwandelweb.nl\/wp-content\/uploads\/2018\/02\/hohesven_1050069923.jpg 420w, http:\/\/sjefvandepoelwandelweb.nl\/wp-content\/uploads\/2018\/02\/hohesven_1050069923-300x240.jpg 300w\" sizes=\"(max-width: 420px) 100vw, 420px\" \/><\/p>\n<p align=\"center\"><i>&#8211; De moerassen van de Hautes Fagnes &#8211;<\/i><\/p>\n<p><strong>Dag 4: Van Baraque Michel naar Eupen (15km)<\/strong><\/p>\n<p>De laatste dag van je voettocht door de Hautes Fagnes levert geen bijzondere problemen meer op. Je b\u00e9nt in het bos (Hertogenwald) en je blijft in het bos, vrijwel tot aan de eerste huizen van het einddoel Eupen. Zoals er vele wegen naar Rome zijn, zijn er vanaf je kamp in het woud vele wegen naar Eupen.<br \/>\nHet meest eenvoudig en via een niet onaantrekkelijke route wandel je verder langs de oever van de Foss\u00e9 d\u2019Eupen tot dit beekje uitstroomt in een groter beekje, de Soor. V\u00f3\u00f3r je in het Soordal bent, moet je bij een kruising met een grotere, verharde bosweg (Route de la Robinette) 600 meter naar rechts wandelen, om dan vervolgens over een klein bospad naar links af te dalen naar de Soor. Als dit niet (meer) mogelijk is, loop je even om via de Schutzh\u00fctte bij Pont de Hasebusch.<br \/>\nDe Soor volg je vervolgens stroomafwaarts door het dichte, indrukwekkende woud. Op ons pad kwamen we hier enige grote herten tegen. Tenslotte bereik je de bekende Pont Guerrier (Schwarze Br\u00fccke), waar de Soor uitstroomt in de bekendste beek van de Hautes Fagnes, de Helle. Je bent hier weergekeerd op de GR 573. Je kunt op deze plek je laatste rustpauze in de Hautes Fagnes houden, want je einddoel Eupen is &#8211; de Helle stroomafwaarts volgend &#8211; nabij.<\/p>\n<p align=\"center\">&#8211; &#8211; &#8211;<\/p>\n<p>(copyright JWE van de Poel)<\/p>\n","protected":false},"excerpt":{"rendered":"<p>De Hautes Fagnes in de Belgische Ardennen (op zijn Nederlands: Hoge Venen, op zijn Duits Hohes Venn) vormen ongetwijfeld het dichtst bij ons land liggende omvangrijke oerlandschap in noordwest Europa. Het gaat om een gebied van vele honderden vierkante kilometers ongerepte natuur, bestaande uit door beekdalletjes doorsneden stille wouden met daarin uitgestrekte moerassen. Deze vierdaagse &hellip; <\/p>\n<p class=\"link-more\"><a href=\"http:\/\/sjefvandepoelwandelweb.nl\/?page_id=207\" class=\"more-link\">Lees verder <span class=\"screen-reader-text\">&#8220;Hautes Fagnes (1)&#8221;<\/span><\/a><\/p>\n","protected":false},"author":2,"featured_media":0,"parent":0,"menu_order":0,"comment_status":"open","ping_status":"open","template":"","meta":{"footnotes":""},"_links":{"self":[{"href":"http:\/\/sjefvandepoelwandelweb.nl\/index.php?rest_route=\/wp\/v2\/pages\/207"}],"collection":[{"href":"http:\/\/sjefvandepoelwandelweb.nl\/index.php?rest_route=\/wp\/v2\/pages"}],"about":[{"href":"http:\/\/sjefvandepoelwandelweb.nl\/index.php?rest_route=\/wp\/v2\/types\/page"}],"author":[{"embeddable":true,"href":"http:\/\/sjefvandepoelwandelweb.nl\/index.php?rest_route=\/wp\/v2\/users\/2"}],"replies":[{"embeddable":true,"href":"http:\/\/sjefvandepoelwandelweb.nl\/index.php?rest_route=%2Fwp%2Fv2%2Fcomments&post=207"}],"version-history":[{"count":3,"href":"http:\/\/sjefvandepoelwandelweb.nl\/index.php?rest_route=\/wp\/v2\/pages\/207\/revisions"}],"predecessor-version":[{"id":1279,"href":"http:\/\/sjefvandepoelwandelweb.nl\/index.php?rest_route=\/wp\/v2\/pages\/207\/revisions\/1279"}],"wp:attachment":[{"href":"http:\/\/sjefvandepoelwandelweb.nl\/index.php?rest_route=%2Fwp%2Fv2%2Fmedia&parent=207"}],"curies":[{"name":"wp","href":"https:\/\/api.w.org\/{rel}","templated":true}]}}